{"id":27518,"date":"2022-08-09T12:40:33","date_gmt":"2022-08-09T10:40:33","guid":{"rendered":"https:\/\/shadedesign.eu\/sabias\/"},"modified":"2023-12-30T02:24:34","modified_gmt":"2023-12-30T01:24:34","slug":"sabias","status":"publish","type":"page","link":"https:\/\/shadedesign.eu\/es\/sabias\/","title":{"rendered":"BLOG"},"content":{"rendered":"<p>[et_pb_section fb_built=\u00bb1&#8243; _builder_version=\u00bb4.17.6&#8243; _module_preset=\u00bbdefault\u00bb background_image=\u00bbhttps:\/\/shadedesign.eu\/wp-content\/uploads\/2022\/08\/shadedesigntoldoterraza.jpeg\u00bb parallax=\u00bbon\u00bb custom_padding=\u00bb130px||130px||true|\u00bb da_disable_devices=\u00bboff|off|off\u00bb global_colors_info=\u00bb{}\u00bb da_is_popup=\u00bboff\u00bb da_exit_intent=\u00bboff\u00bb da_has_close=\u00bbon\u00bb da_alt_close=\u00bboff\u00bb da_dark_close=\u00bboff\u00bb da_not_modal=\u00bbon\u00bb da_is_singular=\u00bboff\u00bb da_with_loader=\u00bboff\u00bb da_has_shadow=\u00bbon\u00bb][et_pb_row _builder_version=\u00bb4.17.6&#8243; _module_preset=\u00bbdefault\u00bb global_colors_info=\u00bb{}\u00bb][et_pb_column type=\u00bb4_4&#8243; _builder_version=\u00bb4.17.6&#8243; _module_preset=\u00bbdefault\u00bb global_colors_info=\u00bb{}\u00bb][et_pb_text _builder_version=\u00bb4.18.0&#8243; _module_preset=\u00bbdefault\u00bb header_font=\u00bb||||||||\u00bb header_text_align=\u00bbcenter\u00bb header_text_color=\u00bb#FFFFFF\u00bb header_font_size=\u00bb46px\u00bb hover_enabled=\u00bb0&#8243; global_colors_info=\u00bb{}\u00bb sticky_enabled=\u00bb0&#8243;]<\/p>\n<h1>Todo lo que debes saber sobre Toldos Vela<\/h1>\n<p>[\/et_pb_text][\/et_pb_column][\/et_pb_row][\/et_pb_section][et_pb_section fb_built=\u00bb1&#8243; inner_shadow=\u00bbon\u00bb _builder_version=\u00bb4.17.6&#8243; _module_preset=\u00bbdefault\u00bb da_disable_devices=\u00bboff|off|off\u00bb global_colors_info=\u00bb{}\u00bb da_is_popup=\u00bboff\u00bb da_exit_intent=\u00bboff\u00bb da_has_close=\u00bbon\u00bb da_alt_close=\u00bboff\u00bb da_dark_close=\u00bboff\u00bb da_not_modal=\u00bbon\u00bb da_is_singular=\u00bboff\u00bb da_with_loader=\u00bboff\u00bb da_has_shadow=\u00bbon\u00bb][et_pb_row _builder_version=\u00bb4.17.6&#8243; _module_preset=\u00bbdefault\u00bb global_colors_info=\u00bb{}\u00bb][et_pb_column type=\u00bb4_4&#8243; _builder_version=\u00bb4.17.6&#8243; _module_preset=\u00bbdefault\u00bb global_colors_info=\u00bb{}\u00bb][bck_blog_plus skin=\u00bbcard\u00bb posts_per_page=\u00bb100&#8243; show_meta=\u00bboff\u00bb show_taxonomy=\u00bboff\u00bb show_readmore=\u00bboff\u00bb module_class=\u00bbBlogg\u00bb _builder_version=\u00bb4.18.0&#8243; _module_preset=\u00bbdefault\u00bb global_colors_info=\u00bb{}\u00bb][\/bck_blog_plus][\/et_pb_column][\/et_pb_row][\/et_pb_section]<\/p>\n","protected":false},"excerpt":{"rendered":"<p>Todo lo que debes saber sobre Toldos Vela[bck_blog_plus skin=\u00bbcard\u00bb posts_per_page=\u00bb100&#8243; show_meta=\u00bboff\u00bb show_taxonomy=\u00bboff\u00bb show_readmore=\u00bboff\u00bb module_class=\u00bbBlogg\u00bb _builder_version=\u00bb4.18.0&#8243; _module_preset=\u00bbdefault\u00bb global_colors_info=\u00bb{}\u00bb][\/bck_blog_plus]<\/p>\n","protected":false},"author":3,"featured_media":27462,"parent":0,"menu_order":0,"comment_status":"closed","ping_status":"closed","template":"","meta":{"_et_pb_use_builder":"on","_et_pb_old_content":"","_et_gb_content_width":"","footnotes":""},"class_list":["post-27518","page","type-page","status-publish","has-post-thumbnail","hentry"],"yoast_head":"<!-- This site is optimized with the Yoast SEO plugin v27.3 - https:\/\/yoast.com\/product\/yoast-seo-wordpress\/ -->\n<title>BLOG - shadedesign<\/title>\n<meta name=\"description\" content=\"Una p\u00e1gina donde encontrar\u00e1 noticias e informaci\u00f3n sobre velas de sombra y en especial proyectos de dise\u00f1o de sombras, consejos y promociones.\" \/>\n<meta name=\"robots\" content=\"index, follow, max-snippet:-1, max-image-preview:large, max-video-preview:-1\" \/>\n<link rel=\"canonical\" href=\"https:\/\/shadedesign.eu\/es\/sabias\/\" \/>\n<meta property=\"og:locale\" content=\"es_ES\" \/>\n<meta property=\"og:type\" content=\"article\" \/>\n<meta property=\"og:title\" content=\"BLOG - shadedesign\" \/>\n<meta property=\"og:description\" content=\"Una p\u00e1gina donde encontrar\u00e1 noticias e informaci\u00f3n sobre velas de sombra y en especial proyectos de dise\u00f1o de sombras, consejos y promociones.\" \/>\n<meta property=\"og:url\" content=\"https:\/\/shadedesign.eu\/es\/sabias\/\" \/>\n<meta property=\"og:site_name\" content=\"shadedesign\" \/>\n<meta property=\"article:publisher\" content=\"https:\/\/www.facebook.com\/shadedesign.eu\" \/>\n<meta property=\"article:modified_time\" content=\"2023-12-30T01:24:34+00:00\" \/>\n<meta property=\"og:image\" content=\"https:\/\/shadedesign.eu\/wp-content\/uploads\/2023\/03\/Shade-Sails-At-Private-Property.png\" \/>\n\t<meta property=\"og:image:width\" content=\"320\" \/>\n\t<meta property=\"og:image:height\" content=\"260\" \/>\n\t<meta property=\"og:image:type\" content=\"image\/png\" \/>\n<script type=\"application\/ld+json\" class=\"yoast-schema-graph\">{\"@context\":\"https:\\\/\\\/schema.org\",\"@graph\":[{\"@type\":\"WebPage\",\"@id\":\"https:\\\/\\\/shadedesign.eu\\\/es\\\/sabias\\\/\",\"url\":\"https:\\\/\\\/shadedesign.eu\\\/es\\\/sabias\\\/\",\"name\":\"BLOG - shadedesign\",\"isPartOf\":{\"@id\":\"https:\\\/\\\/shadedesign.eu\\\/es\\\/#website\"},\"primaryImageOfPage\":{\"@id\":\"https:\\\/\\\/shadedesign.eu\\\/es\\\/sabias\\\/#primaryimage\"},\"image\":{\"@id\":\"https:\\\/\\\/shadedesign.eu\\\/es\\\/sabias\\\/#primaryimage\"},\"thumbnailUrl\":\"https:\\\/\\\/shadedesign.eu\\\/wp-content\\\/uploads\\\/2023\\\/03\\\/Shade-Sails-At-Private-Property.png\",\"datePublished\":\"2022-08-09T10:40:33+00:00\",\"dateModified\":\"2023-12-30T01:24:34+00:00\",\"description\":\"Una p\u00e1gina donde encontrar\u00e1 noticias e informaci\u00f3n sobre velas de sombra y en especial proyectos de dise\u00f1o de sombras, consejos y promociones.\",\"breadcrumb\":{\"@id\":\"https:\\\/\\\/shadedesign.eu\\\/es\\\/sabias\\\/#breadcrumb\"},\"inLanguage\":\"es\",\"potentialAction\":[{\"@type\":\"ReadAction\",\"target\":[\"https:\\\/\\\/shadedesign.eu\\\/es\\\/sabias\\\/\"]}]},{\"@type\":\"ImageObject\",\"inLanguage\":\"es\",\"@id\":\"https:\\\/\\\/shadedesign.eu\\\/es\\\/sabias\\\/#primaryimage\",\"url\":\"https:\\\/\\\/shadedesign.eu\\\/wp-content\\\/uploads\\\/2023\\\/03\\\/Shade-Sails-At-Private-Property.png\",\"contentUrl\":\"https:\\\/\\\/shadedesign.eu\\\/wp-content\\\/uploads\\\/2023\\\/03\\\/Shade-Sails-At-Private-Property.png\",\"width\":320,\"height\":260,\"caption\":\"Shade Sail At Private Property\"},{\"@type\":\"BreadcrumbList\",\"@id\":\"https:\\\/\\\/shadedesign.eu\\\/es\\\/sabias\\\/#breadcrumb\",\"itemListElement\":[{\"@type\":\"ListItem\",\"position\":1,\"name\":\"Home\",\"item\":\"https:\\\/\\\/shadedesign.eu\\\/es\\\/\"},{\"@type\":\"ListItem\",\"position\":2,\"name\":\"BLOG\"}]},{\"@type\":\"WebSite\",\"@id\":\"https:\\\/\\\/shadedesign.eu\\\/es\\\/#website\",\"url\":\"https:\\\/\\\/shadedesign.eu\\\/es\\\/\",\"name\":\"shadedesign\",\"description\":\"Designers of shade - Dise\u00f1adores de sombra\",\"publisher\":{\"@id\":\"https:\\\/\\\/shadedesign.eu\\\/es\\\/#organization\"},\"potentialAction\":[{\"@type\":\"SearchAction\",\"target\":{\"@type\":\"EntryPoint\",\"urlTemplate\":\"https:\\\/\\\/shadedesign.eu\\\/es\\\/?s={search_term_string}\"},\"query-input\":{\"@type\":\"PropertyValueSpecification\",\"valueRequired\":true,\"valueName\":\"search_term_string\"}}],\"inLanguage\":\"es\"},{\"@type\":\"Organization\",\"@id\":\"https:\\\/\\\/shadedesign.eu\\\/es\\\/#organization\",\"name\":\"SHADEDESIGN\",\"url\":\"https:\\\/\\\/shadedesign.eu\\\/es\\\/\",\"logo\":{\"@type\":\"ImageObject\",\"inLanguage\":\"es\",\"@id\":\"https:\\\/\\\/shadedesign.eu\\\/es\\\/#\\\/schema\\\/logo\\\/image\\\/\",\"url\":\"https:\\\/\\\/mlubtqrzccy9.i.optimole.com\\\/w:1919\\\/h:576\\\/q:mauto\\\/f:best\\\/https:\\\/\\\/shadedesign.eu\\\/wp-content\\\/uploads\\\/2022\\\/06\\\/shade-design-logo-150.png\",\"contentUrl\":\"https:\\\/\\\/mlubtqrzccy9.i.optimole.com\\\/w:1919\\\/h:576\\\/q:mauto\\\/f:best\\\/https:\\\/\\\/shadedesign.eu\\\/wp-content\\\/uploads\\\/2022\\\/06\\\/shade-design-logo-150.png\",\"width\":3125,\"height\":938,\"caption\":\"SHADEDESIGN\"},\"image\":{\"@id\":\"https:\\\/\\\/shadedesign.eu\\\/es\\\/#\\\/schema\\\/logo\\\/image\\\/\"},\"sameAs\":[\"https:\\\/\\\/www.facebook.com\\\/shadedesign.eu\"]}]}<\/script>\n<!-- \/ Yoast SEO plugin. -->","yoast_head_json":{"title":"BLOG - shadedesign","description":"Una p\u00e1gina donde encontrar\u00e1 noticias e informaci\u00f3n sobre velas de sombra y en especial proyectos de dise\u00f1o de sombras, consejos y promociones.","robots":{"index":"index","follow":"follow","max-snippet":"max-snippet:-1","max-image-preview":"max-image-preview:large","max-video-preview":"max-video-preview:-1"},"canonical":"https:\/\/shadedesign.eu\/es\/sabias\/","og_locale":"es_ES","og_type":"article","og_title":"BLOG - shadedesign","og_description":"Una p\u00e1gina donde encontrar\u00e1 noticias e informaci\u00f3n sobre velas de sombra y en especial proyectos de dise\u00f1o de sombras, consejos y promociones.","og_url":"https:\/\/shadedesign.eu\/es\/sabias\/","og_site_name":"shadedesign","article_publisher":"https:\/\/www.facebook.com\/shadedesign.eu","article_modified_time":"2023-12-30T01:24:34+00:00","og_image":[{"width":320,"height":260,"url":"https:\/\/shadedesign.eu\/wp-content\/uploads\/2023\/03\/Shade-Sails-At-Private-Property.png","type":"image\/png"}],"schema":{"@context":"https:\/\/schema.org","@graph":[{"@type":"WebPage","@id":"https:\/\/shadedesign.eu\/es\/sabias\/","url":"https:\/\/shadedesign.eu\/es\/sabias\/","name":"BLOG - shadedesign","isPartOf":{"@id":"https:\/\/shadedesign.eu\/es\/#website"},"primaryImageOfPage":{"@id":"https:\/\/shadedesign.eu\/es\/sabias\/#primaryimage"},"image":{"@id":"https:\/\/shadedesign.eu\/es\/sabias\/#primaryimage"},"thumbnailUrl":"https:\/\/shadedesign.eu\/wp-content\/uploads\/2023\/03\/Shade-Sails-At-Private-Property.png","datePublished":"2022-08-09T10:40:33+00:00","dateModified":"2023-12-30T01:24:34+00:00","description":"Una p\u00e1gina donde encontrar\u00e1 noticias e informaci\u00f3n sobre velas de sombra y en especial proyectos de dise\u00f1o de sombras, consejos y promociones.","breadcrumb":{"@id":"https:\/\/shadedesign.eu\/es\/sabias\/#breadcrumb"},"inLanguage":"es","potentialAction":[{"@type":"ReadAction","target":["https:\/\/shadedesign.eu\/es\/sabias\/"]}]},{"@type":"ImageObject","inLanguage":"es","@id":"https:\/\/shadedesign.eu\/es\/sabias\/#primaryimage","url":"https:\/\/shadedesign.eu\/wp-content\/uploads\/2023\/03\/Shade-Sails-At-Private-Property.png","contentUrl":"https:\/\/shadedesign.eu\/wp-content\/uploads\/2023\/03\/Shade-Sails-At-Private-Property.png","width":320,"height":260,"caption":"Shade Sail At Private Property"},{"@type":"BreadcrumbList","@id":"https:\/\/shadedesign.eu\/es\/sabias\/#breadcrumb","itemListElement":[{"@type":"ListItem","position":1,"name":"Home","item":"https:\/\/shadedesign.eu\/es\/"},{"@type":"ListItem","position":2,"name":"BLOG"}]},{"@type":"WebSite","@id":"https:\/\/shadedesign.eu\/es\/#website","url":"https:\/\/shadedesign.eu\/es\/","name":"shadedesign","description":"Designers of shade - Dise\u00f1adores de sombra","publisher":{"@id":"https:\/\/shadedesign.eu\/es\/#organization"},"potentialAction":[{"@type":"SearchAction","target":{"@type":"EntryPoint","urlTemplate":"https:\/\/shadedesign.eu\/es\/?s={search_term_string}"},"query-input":{"@type":"PropertyValueSpecification","valueRequired":true,"valueName":"search_term_string"}}],"inLanguage":"es"},{"@type":"Organization","@id":"https:\/\/shadedesign.eu\/es\/#organization","name":"SHADEDESIGN","url":"https:\/\/shadedesign.eu\/es\/","logo":{"@type":"ImageObject","inLanguage":"es","@id":"https:\/\/shadedesign.eu\/es\/#\/schema\/logo\/image\/","url":"https:\/\/mlubtqrzccy9.i.optimole.com\/w:1919\/h:576\/q:mauto\/f:best\/https:\/\/shadedesign.eu\/wp-content\/uploads\/2022\/06\/shade-design-logo-150.png","contentUrl":"https:\/\/mlubtqrzccy9.i.optimole.com\/w:1919\/h:576\/q:mauto\/f:best\/https:\/\/shadedesign.eu\/wp-content\/uploads\/2022\/06\/shade-design-logo-150.png","width":3125,"height":938,"caption":"SHADEDESIGN"},"image":{"@id":"https:\/\/shadedesign.eu\/es\/#\/schema\/logo\/image\/"},"sameAs":["https:\/\/www.facebook.com\/shadedesign.eu"]}]}},"_links":{"self":[{"href":"https:\/\/shadedesign.eu\/es\/wp-json\/wp\/v2\/pages\/27518","targetHints":{"allow":["GET"]}}],"collection":[{"href":"https:\/\/shadedesign.eu\/es\/wp-json\/wp\/v2\/pages"}],"about":[{"href":"https:\/\/shadedesign.eu\/es\/wp-json\/wp\/v2\/types\/page"}],"author":[{"embeddable":true,"href":"https:\/\/shadedesign.eu\/es\/wp-json\/wp\/v2\/users\/3"}],"replies":[{"embeddable":true,"href":"https:\/\/shadedesign.eu\/es\/wp-json\/wp\/v2\/comments?post=27518"}],"version-history":[{"count":0,"href":"https:\/\/shadedesign.eu\/es\/wp-json\/wp\/v2\/pages\/27518\/revisions"}],"wp:featuredmedia":[{"embeddable":true,"href":"https:\/\/shadedesign.eu\/es\/wp-json\/wp\/v2\/media\/27462"}],"wp:attachment":[{"href":"https:\/\/shadedesign.eu\/es\/wp-json\/wp\/v2\/media?parent=27518"}],"curies":[{"name":"wp","href":"https:\/\/api.w.org\/{rel}","templated":true}]}}